{"id":13,"date":"2018-04-05T19:49:37","date_gmt":"2018-04-05T22:49:37","guid":{"rendered":"http:\/\/localhost\/cris\/?page_id=13"},"modified":"2018-05-19T23:08:03","modified_gmt":"2018-05-20T02:08:03","slug":"parcerias","status":"publish","type":"page","link":"https:\/\/psicologiaecorpo.com.br\/en\/parcerias\/","title":{"rendered":"Partnerships"},"content":{"rendered":"<div class=\"wpawc-accordion-1 wpawc_accordion parceiros wp-medium- wpcolumns\" data-accordion-group>\t\n\t\t\t\t  \n      <div data-accordion class=\"accordion-main\">\n        <div data-control class=\"accordion-title\"><h4>Institute of Bioenergetic Analysis of S\u00e3o Paulo \u2013 IABSP<\/h4><\/div>\n        <div data-content>\n         \t\t\t\t  \n          \n        <div class=\"accordion-content\"><div class=\"ac-grande-2\">\n<p>IABSP (Instituto de An\u00e1lise Bioenerg\u00e9tica de S\u00e3o Paulo) was founded in December, 1989, in Salvador, Bahia, during a workshop presented by Alexander Lowen, creator of Bioenergetic Analysis. The following people also took part of the workshop: the American International Trainer Frank Hladky and the IABSP Director, Liane Zink.<\/p>\n<p>Bioenergetic Analysis , created and developed from 1953 on, by Alexander Lowen, is based on the theoretical foundations of Wilhelm Reich \u2013 Sigmund Freud disciple \u2013 that has stood up for his psychoanalytical works and his pioneer researches in Biology, Physics, Politics and Anthropology.<\/p>\n<p>According to Reich and Lowen, every person\u00b4s story is stored at the body structure. Every experience one has lived, the impact of early childhood relationships and the physical and emotional traumas are stored and kept within the body as chronic muscular tension.<\/p>\n<p>The further Lowen worked on Reichian ideas, the more he produced new concepts, such as Character Analysis. He developed the theoretical basis for the unfolding of bodyworks, eventually creating Bioenergetic Analysis (LOWEN, 2004).<\/p>\n<p>This kind of psychotherapy deals with the biological basis of neuroses and focuses biological processes related to health as well as to the energy feeding them (the biological processes). In other words, this kind of psychotherapy is grounded in the functional identity thesis. Based on those foundations, the Bioenergetic Analysis offers the Psychologist an additional support to the analytical work, using exercises and techniques that allow the client to reach a deep comprehension of his\/her emotional state, release tension patterns and change the way they relate to themselves and the world.<\/p>\n<p>Working with psychotics Bioenergetics helps yet to build up autonomy, and the ability to be in touch with others.<\/p>\n<p>&nbsp;<\/p>\n<p><a title=\"visite o site\" href=\"http:\/\/www.bioenergetica.com.br\/\" target=\"_blank\" rel=\"noopener\">Visit.<\/a><\/p>\n<\/div>\n<\/div>\n      \n        <\/div>\n      <\/div>\n\t  \n\t\t\t\t\t  \n      <div data-accordion class=\"accordion-main\">\n        <div data-control class=\"accordion-title\"><h4>Brazilian Biosynthesis Institute in S\u00e3o Paulo<\/h4><\/div>\n        <div data-content>\n         \t\t\t\t  \n          \n        <div class=\"accordion-content\"><p>David Boadella was Born in July, 6, 1931, in London. He graduated in Embryology and Neuropsychology from Open University and has a Master Degree in Education.<\/p>\n<p>His interest in the human body began back in 1952 when he was introduced to the work of Wilhelm Reich. And that was when he started his researches on body and emotion.<\/p>\n<p>By the end of 1960\u2019s, two developing models emerged from the Reichian work: Gerda Boyesen Biodynamic Psychology, in Oslo; and Alexander Lowen and John Pierrakos Bioenergetic Analysis, in New York. Boadella actively took part in those fields, either as a researcher and a therapist.<\/p>\n<p>His therapeutic approach, throughout the years, has been influenced by his personal experience, such as the birth of his kids, the thought of Reichian followers and also professionals, related to embryology and intrauterine life.<\/p>\n<p>The most important professional influence was Stanley Keleman, who read the unique qualities of a person and started to study Emotional Anatomy. Another one was the psychoanalyst Francis Mott in his prenatal and perinatal studies. The name Biosynthesis was first used by him. Mott\u2019s work has been expanded and developed by Frank Lake in England. Lake researched prenatal psychology and primal integration.<\/p>\n<p>During the 1970\u2019s, David starts to develop the theoretical approach of Biosynthesis, that means integration of life. Integration of three primary embryological germ layers (endoderm, mesoderm and ectoderm).<\/p>\n<p>Boadella develops a psychotherapeutic work that deals with rebalance, organization and integration, concerning physics, emotion and spirit, harmonizing three embryonic layers: ectoderm (mind and reason), endoderm (feelings and guts) and mesoderm (action\/muscles and bones).<\/p>\n<p>Even organisms that have no brain tissue or nervous system are sensitive to the environment and have influence upon it. In primal embryonic stages, there are deep experiences that will remain recorded in the memories of the developing body. Therefore, Biosynthesis comprehends humans since their conception.<\/p>\n<p>Thus, those are the three areas of the human being experience and expression that will keep records until death.<\/p>\n<p><a class=\"ico-acessar\" title=\"Instituto Brasileiro de Bioss\u00edntese\" href=\"http:\/\/www.biossintese.com.br\/\" target=\"_blank\" rel=\"noopener\">Visit the website of the Brazilian Institute of Biosynthesis<\/a><\/p>\n<\/div>\n      \n        <\/div>\n      <\/div>\n\t  \n\t\t\t\t\t  \n      <div data-accordion class=\"accordion-main\">\n        <div data-control class=\"accordion-title\"><h4>AMMA Psyche and Blackness Institute<\/h4><\/div>\n        <div data-content>\n         \t\t\t\t  \n          \n        <div class=\"accordion-content\"><p>God AMMA, African entity responsible for the divine breath and the original verb; spiral of creation and expansion of the world.<\/p>\n<p>For various groups from Black Africa, the spiral represents the power of creation, life\u2019s dynamic, circular movement in continuous evolution and expansion.<\/p>\n<p>Instituto AMMA Psique e Negritude (AMMA Psyche and Blackness Institute) was created out this concept, in September, 1995. This nonprofit organization was founded by a group of black Psychologists: Maria L\u00facia da Silva, Marilza de Souza Martins, Silvia Souza and Ana Maria Silva. The four of them engaged in treating emotional wounds and traumas caused by racism, discrimination and prejudice.<\/p>\n<p>AMMA Institute\u2019s purpose is to provide black people self-knowledge, as well as consciousness of their own potential, bringing back self-esteem and identity. Another purpose is to reinforce respect for the differences, establishing positive and transforming human relationships.<\/p>\n<p>AMMA intends to approach the complex inter-ethnic racial relations, especially those that take place among phenotypically different populations, from a psychosocial, clinical, educational and organizational point of view. The Institute understands that many representations living in Brazilian imaginary have been build up from racist ideas that keep reproducing, causing serious consequences to black people\u2019s psychical health.<\/p>\n<p>In 2006, AMMA Institute won the Franz de Castro Holzwarth Human Rights Award, granted by the Ordem dos Advogados do Brasil (Brazilian Bar Association) \u2013 Se\u00e7\u00e3o SP, in the Honorable Mention category.<\/p>\n<p>AMMA\u2019s current staff is the Psychologists Maria L\u00facia da Silva, Marilza de Souza Martins, Jussara Dias, Maria Aparecida Miranda, Maria Cristina Francisco, Cl\u00e9lia Prestes; and the Psychiatrist and Psychoanalyst Marisa Correa da Silva.<\/p>\n<p><a class=\"ico-acessar\" href=\"http:\/\/www.ammapsique.org.br\" title=\"AMMA Psyche and Blackness Institute\" target=\"_blank\">Visit the website of the AMMA Institute Psyche and Negritude<\/a><\/p>\n<\/div>\n      \n        <\/div>\n      <\/div>\n\t  \n\t\t\t\t<\/div>\n\t    <script type=\"text\/javascript\">\n      jQuery(document).ready(function() {\n        jQuery('.wpawc-accordion-1 [data-accordion]').accordionfaq({\n\t\t singleOpen: true,\n\t\t transitionEasing: 'ease',\n          transitionSpeed: 300\t\t});\n\n        \n      });\n    <\/script>","protected":false},"excerpt":{"rendered":"","protected":false},"author":1,"featured_media":0,"parent":0,"menu_order":0,"comment_status":"closed","ping_status":"closed","template":"","meta":[],"_links":{"self":[{"href":"https:\/\/psicologiaecorpo.com.br\/en\/wp-json\/wp\/v2\/pages\/13"}],"collection":[{"href":"https:\/\/psicologiaecorpo.com.br\/en\/wp-json\/wp\/v2\/pages"}],"about":[{"href":"https:\/\/psicologiaecorpo.com.br\/en\/wp-json\/wp\/v2\/types\/page"}],"author":[{"embeddable":true,"href":"https:\/\/psicologiaecorpo.com.br\/en\/wp-json\/wp\/v2\/users\/1"}],"replies":[{"embeddable":true,"href":"https:\/\/psicologiaecorpo.com.br\/en\/wp-json\/wp\/v2\/comments?post=13"}],"version-history":[{"count":0,"href":"https:\/\/psicologiaecorpo.com.br\/en\/wp-json\/wp\/v2\/pages\/13\/revisions"}],"wp:attachment":[{"href":"https:\/\/psicologiaecorpo.com.br\/en\/wp-json\/wp\/v2\/media?parent=13"}],"curies":[{"name":"wp","href":"https:\/\/api.w.org\/{rel}","templated":true}]}}