{"id":4,"date":"2018-03-16T11:36:21","date_gmt":"2018-03-16T14:36:21","guid":{"rendered":"http:\/\/localhost\/cris\/?page_id=4"},"modified":"2018-07-28T00:12:32","modified_gmt":"2018-07-28T03:12:32","slug":"quem-sou","status":"publish","type":"page","link":"https:\/\/psicologiaecorpo.com.br\/en\/quem-sou\/","title":{"rendered":"Who I Am"},"content":{"rendered":"<section class=\"cabecalho-paginas-internas\">\n<figure><img loading=\"lazy\" src=\"http:\/\/psicologiaecorpo.com.br\/2018\/wp-content\/uploads\/2018\/layout\/Maria-Cristina-Francisco-tablets.png\" alt=\"Maria Cristina Francisco\" width=\"248\" height=\"243\" \/><\/figure>\n<\/section>\n<div class=\"texto-tablets\">\n<h2>Maria Cristina Francisco<\/h2>\n<p>I have been a Clinical Psychologist for more than 30 years.<\/p>\n<p>I graduated in Psychology at Universidade Metodista, in S\u00e3o Bernardo do Campo, state of S\u00e3o Paulo. This city, at that time, was a great reference in Brazilian working class movement.<\/p>\n<\/div>\n<p>When in college, I came to know the ideas of the Psychoanalyst Wilhelm Reich. I\u00b4ve been very intrigued by this theorist, because of his way to see the human being in physical, politic and emotional senses. His name has never been put aside in my career.<\/p>\n<p>Throughout my clinical practice, I\u00b4ve felt the need to broaden the way I understood the person that was there, at my office, to be consulted: the verbal language was not enough anymore. I could see the body expression, through breathing, gestures, muscle tone, posture. But then, I realized I was somehow in need of tools to improve body reading.<\/p>\n<h2>Getting to know neo-reichian schools<\/h2>\n<p>It took me a long way to get to Bioenergetics (Bioenergetics Analysis Institute of S\u00e3o Paulo). I went through an intense process of personal and professional experience, that eventually helped me to find out a better way to understand the human person. Since Bioenergetics is a neo-reichian school, I could find the theoretical basis for body reading and usage of exercises and techniques to which I could already relate.<\/p>\n<p>Next step was to join another neo-reichian school: Biosynthesis (Brazilian Institute of Biosynthesis), that amplified my way to understand the human body, since this theory comprehends concepts that integrate embryonic layers since prenatal period, also dealing with bio spirituality.<\/p>\n<h2>Blackness issues and present practices<\/h2>\n<p>Throughout my life, due to the fact that have been a victim of racism, I began to get involved in blackness issues (reaction movements aiming to give racial issues visibility, humanizing and respecting human body). That\u00b4s when I joined Instituto Amma Psique e Negritude (AMMA Psyche and Blackness Institute), which goal is to approach racism politically and psychically, providing theoretical and clinical practice, identifying, elaborating and deconstructing racism and its psychosocial effects.<\/p>\n<p>Now I understand that through body exercise one can be freed from their emotions, which greatly helps to ease their psychic pain, as well as it rescues their vital energy. To be part of a non-governmental organization (NGO) allowed me to get to know political, educational and social action tools, in addition to get to know psychic racial suffering that can lead us to transforming the place we live in a better, fairer and more humanized society.<\/p>\n<p><a class=\"ico-acessar\" title=\"A Quest\u00e3o Racial e Bioenerg\u00e9tica\" href=\"https:\/\/psicologiaecorpo.com.br\/en\/palestra-a-questao-racial-e-o-futuro-da-bioenergetica\/\" target=\"_blank\" rel=\"noopener\"><a href=\"http:\/\/psicologiaecorpo.com.br\/en\/palestra-a-questao-racial-e-o-futuro-da-bioenergetica\" title=\"Access the text about the lecture.\" targert=\"_blank\">Access: \"A Racial and Future Issue of Bioenergetics\" - Lecture given at the 24th IIBA International Congress on Bioenergetics - Toronto - Canada - 24th to 28\/05\/2017.<\/a><\/a><\/p>\n<p><a class=\"ico-trofeu\" title=\"Acesse Poster\" href=\"http:\/\/psicologiaecorpo.com.br\/en\/pdf\/poster-ponto-de-encontro-maria-cristina-2017.pdf\/\" target=\"_blank\" rel=\"noopener\"><p><a href=\"http:\/\/psicologiaecorpo.com.br\/en\/pdf\/poster-meeting-point-Maria-Cristina-2017.pdf\" title=\"See the enlarged poster.\" target=\"_blank\">Winner for the Social Work: \u201cMeeting Point with Black Women and Men\u201d \u2013 24\u00ba IIBA International Conference 2017 \u2013 Toronto \u2013 Canada. May, 24 to 28, 2017.<\/a><\/p> <strong><p><a href=\"http:\/\/psicologiaecorpo.com.br\/en\/pdf\/poster-meeting-point-Maria-Cristina-2017.pdf\" title=\"See the enlarged poster.\" target=\"_blank\">See the enlarged poster.<\/a><\/p><\/strong><\/a><\/p>\n<p><img loading=\"lazy\" style=\"position:relative; margin-top:30px; margin-bottom:30px;\" src=\"\/\/i0.wp.com\/psicologiaecorpo.com.br\/img\/pt-POSTER-VENCEDOR-2017.jpg\" width=\"300\" height=\"201\"><\/p>","protected":false},"excerpt":{"rendered":"<p>Maria Cristina Francisco Psic\u00f3loga Cl\u00ednica h\u00e1 mais de 30 anos. Conclu\u00edmos o curso de Psicologia na Universidade Metodista, localizada em S\u00e3o Bernardo do Campo \u2013 SP. Esta cidade na \u00e9poca era grande refer\u00eancia no movimento pol\u00edtico trabalhista. Na forma\u00e7\u00e3o conhecemos o pensamento do psicanalista Wilhelm Reich e este te\u00f3rico nos causou muita curiosidade por ser &hellip; <a href=\"https:\/\/psicologiaecorpo.com.br\/en\/quem-sou\/\" class=\"more-link\">Continue reading<span class=\"screen-reader-text\"> &#8220;Quem Sou&#8221;<\/span><\/a><\/p>","protected":false},"author":1,"featured_media":0,"parent":0,"menu_order":0,"comment_status":"closed","ping_status":"closed","template":"","meta":[],"_links":{"self":[{"href":"https:\/\/psicologiaecorpo.com.br\/en\/wp-json\/wp\/v2\/pages\/4"}],"collection":[{"href":"https:\/\/psicologiaecorpo.com.br\/en\/wp-json\/wp\/v2\/pages"}],"about":[{"href":"https:\/\/psicologiaecorpo.com.br\/en\/wp-json\/wp\/v2\/types\/page"}],"author":[{"embeddable":true,"href":"https:\/\/psicologiaecorpo.com.br\/en\/wp-json\/wp\/v2\/users\/1"}],"replies":[{"embeddable":true,"href":"https:\/\/psicologiaecorpo.com.br\/en\/wp-json\/wp\/v2\/comments?post=4"}],"version-history":[{"count":0,"href":"https:\/\/psicologiaecorpo.com.br\/en\/wp-json\/wp\/v2\/pages\/4\/revisions"}],"wp:attachment":[{"href":"https:\/\/psicologiaecorpo.com.br\/en\/wp-json\/wp\/v2\/media?parent=4"}],"curies":[{"name":"wp","href":"https:\/\/api.w.org\/{rel}","templated":true}]}}