{"id":676,"date":"2018-05-19T22:26:59","date_gmt":"2018-05-20T01:26:59","guid":{"rendered":"http:\/\/psicologiaecorpo.com.br\/2018\/?page_id=676"},"modified":"2018-07-26T22:22:38","modified_gmt":"2018-07-27T01:22:38","slug":"ponto-de-encontro","status":"publish","type":"page","link":"https:\/\/psicologiaecorpo.com.br\/en\/ponto-de-encontro\/","title":{"rendered":"Meeting Point"},"content":{"rendered":"<h2>Goal<\/h2>\n<p>Provide a space for conversation, exchange of ideas and reflections on the experience of each one in relation to blackness, aiming at better strengthening of identity.<\/p>\n<h2>To whom it is intended<\/h2>\n<p>Open to interested adults.<\/p>\n<h2>When<\/h2>\n<p>One Saturday a month: 9:30 a.m. to 1:30 p.m.<\/p>\n<h2>Coordination<\/h2>\n<p>Maria Cristina Francisco, psychologist and body psychotherapist<br \/>\nE\/ou convidados.<\/p>\n<h2>Investment<\/h2>\n<p>R$ 50 per meeting.<\/p>\n<h2>Local<\/h2>\n<p>Rua Serra de Bragan\u00e7a, 1055 \u2013 Tatuap\u00e9 \u2013 Metr\u00f4 Carr\u00e3o.<br \/>\nInscri\u00e7\u00f5es: Fone\/fax: 11 2646.5216 \u2013 macrisfran@uol.com.br<\/p>\n<p><strong>Maximum 15 people.<\/strong><\/p>","protected":false},"excerpt":{"rendered":"<p>Objetivo Propiciar um espa\u00e7o de conversa, troca de ideias e reflex\u00f5es sobre a experi\u00eancia de cada um em rela\u00e7\u00e3o \u00e0 negritude, visando melhor fortalecimento da identidade. A quem se destina Aberto aos adultos interessados. Quando Um s\u00e1bado por m\u00eas: 9h30 \u00e0s 13h30. Coordena\u00e7\u00e3o Maria Cristina Francisco, psic\u00f3loga e psicoterapeuta corporal E\/ou convidados. Investimento R$ 50,00 &hellip; <a href=\"https:\/\/psicologiaecorpo.com.br\/en\/ponto-de-encontro\/\" class=\"more-link\">Continue reading<span class=\"screen-reader-text\"> &#8220;Ponto de Encontro&#8221;<\/span><\/a><\/p>","protected":false},"author":1,"featured_media":0,"parent":0,"menu_order":0,"comment_status":"closed","ping_status":"closed","template":"","meta":[],"_links":{"self":[{"href":"https:\/\/psicologiaecorpo.com.br\/en\/wp-json\/wp\/v2\/pages\/676"}],"collection":[{"href":"https:\/\/psicologiaecorpo.com.br\/en\/wp-json\/wp\/v2\/pages"}],"about":[{"href":"https:\/\/psicologiaecorpo.com.br\/en\/wp-json\/wp\/v2\/types\/page"}],"author":[{"embeddable":true,"href":"https:\/\/psicologiaecorpo.com.br\/en\/wp-json\/wp\/v2\/users\/1"}],"replies":[{"embeddable":true,"href":"https:\/\/psicologiaecorpo.com.br\/en\/wp-json\/wp\/v2\/comments?post=676"}],"version-history":[{"count":0,"href":"https:\/\/psicologiaecorpo.com.br\/en\/wp-json\/wp\/v2\/pages\/676\/revisions"}],"wp:attachment":[{"href":"https:\/\/psicologiaecorpo.com.br\/en\/wp-json\/wp\/v2\/media?parent=676"}],"curies":[{"name":"wp","href":"https:\/\/api.w.org\/{rel}","templated":true}]}}