{"id":856,"date":"2021-08-09T11:57:56","date_gmt":"2021-08-09T14:57:56","guid":{"rendered":"http:\/\/psicologiaecorpo.com.br\/?page_id=856"},"modified":"2021-08-09T11:57:57","modified_gmt":"2021-08-09T14:57:57","slug":"politica-de-privacidade","status":"publish","type":"page","link":"https:\/\/psicologiaecorpo.com.br\/en\/politica-de-privacidade\/","title":{"rendered":"Pol\u00edtica de privacidade"},"content":{"rendered":"<h2>Quem somos<\/h2>\n\n\n\n<p><strong>Psicologia e Corpo<\/strong> \u00e9 um site de propriedade da Dra. Maria Cristina Francisco, CRP 06\/24832-9, respons\u00e1vel com a privacidade e prote\u00e7\u00e3o de dados de todos os usu\u00e1rios, respeitando o que \u00e9 estabelecido na legisla\u00e7\u00e3o brasileira, Lei 13.709\/18 e demais legisla\u00e7\u00f5es vigentes.<\/p>\n\n\n\n<h2>Cookies<\/h2>\n\n\n\n<p>Cookies s\u00e3o arquivos de texto que armazenam no navegador (browser) o que o usu\u00e1rio est\u00e1 fazendo. Eles guardam o  seu hist\u00f3rico de navega\u00e7\u00e3o, logins e senhas. \u00c9 por causa deles que voc\u00ea pode acessar sua conta no Facebook sem precisar sempre digitar seu e-mail, pois o navegador (utilizando os cookies) faz isso por voc\u00ea.<\/p>\n\n\n\n<p>Ao visitar uma p\u00e1gina ser\u00e1 configurado um cookie tempor\u00e1rio para determinar se o seu navegador aceita cookies. Este cookie n\u00e3o cont\u00e9m dados pessoais e ser\u00e1 eliminado ao fechar o seu navegador.<\/p>\n\n\n\n<p>Este site pode recolher dados e incorporar rastreio feito por terceiros, monitorizar as suas intera\u00e7\u00f5es com o mesmo, incluindo registrar as intera\u00e7\u00f5es com conte\u00fado incorporado se tiver uma conta e estiver com sess\u00e3o iniciada nesse site.<\/p>\n\n\n\n<h2>Como controlar o cookies no site Psicologia e Corpo<\/h2>\n\n\n\n<p>Basta clicar no bot\u00e3o flutuante \u00e0 esquerda e configurar as suas permiss\u00f5es. O sistema automaticamente far\u00e1 os ajustes. <\/p>","protected":false},"excerpt":{"rendered":"<p>Quem somos Psicologia e Corpo \u00e9 um site de propriedade da Dra. Maria Cristina Francisco, CRP 06\/24832-9, respons\u00e1vel com a privacidade e prote\u00e7\u00e3o de dados de todos os usu\u00e1rios, respeitando o que \u00e9 estabelecido na legisla\u00e7\u00e3o brasileira, Lei 13.709\/18 e demais legisla\u00e7\u00f5es vigentes. Cookies Cookies s\u00e3o arquivos de texto que armazenam no navegador (browser) o &hellip; <a href=\"https:\/\/psicologiaecorpo.com.br\/en\/politica-de-privacidade\/\" class=\"more-link\">Continue reading<span class=\"screen-reader-text\"> &#8220;Pol\u00edtica de privacidade&#8221;<\/span><\/a><\/p>","protected":false},"author":1,"featured_media":0,"parent":0,"menu_order":0,"comment_status":"closed","ping_status":"closed","template":"","meta":[],"_links":{"self":[{"href":"https:\/\/psicologiaecorpo.com.br\/en\/wp-json\/wp\/v2\/pages\/856"}],"collection":[{"href":"https:\/\/psicologiaecorpo.com.br\/en\/wp-json\/wp\/v2\/pages"}],"about":[{"href":"https:\/\/psicologiaecorpo.com.br\/en\/wp-json\/wp\/v2\/types\/page"}],"author":[{"embeddable":true,"href":"https:\/\/psicologiaecorpo.com.br\/en\/wp-json\/wp\/v2\/users\/1"}],"replies":[{"embeddable":true,"href":"https:\/\/psicologiaecorpo.com.br\/en\/wp-json\/wp\/v2\/comments?post=856"}],"version-history":[{"count":0,"href":"https:\/\/psicologiaecorpo.com.br\/en\/wp-json\/wp\/v2\/pages\/856\/revisions"}],"wp:attachment":[{"href":"https:\/\/psicologiaecorpo.com.br\/en\/wp-json\/wp\/v2\/media?parent=856"}],"curies":[{"name":"wp","href":"https:\/\/api.w.org\/{rel}","templated":true}]}}